{"id":1824,"date":"2021-01-15T17:34:59","date_gmt":"2021-01-15T23:34:59","guid":{"rendered":"https:\/\/housepital.com.mx\/tienda\/?post_type=product&#038;p=1824"},"modified":"2021-02-11T14:03:38","modified_gmt":"2021-02-11T20:03:38","slug":"oximetro-de-pulso-dedal-contec","status":"publish","type":"product","link":"https:\/\/housepital.com.mx\/tienda\/producto\/oximetro-de-pulso-dedal-contec\/","title":{"rendered":"Ox\u00edmetro De Pulso Dedal Contec"},"content":{"rendered":"<p>Este ox\u00edmetro de pulso est\u00e1 dise\u00f1ado para brindarte mediciones r\u00e1pidas de la saturaci\u00f3n de ox\u00edgeno en la sangre (SpO2) y la frecuencia de pulso. Es un instrumento ideal monitorear estad\u00edsticas vitales. El dispositivo es peque\u00f1o, port\u00e1til y mide estos atributos con un escaneo de dedo simple y no intrusivo. Puede acomodar una amplia gama de tama\u00f1os de dedos y muestra datos en una vibrante pantalla OLED de dos colores.<\/p>\n","protected":false},"excerpt":{"rendered":"<p>Este ox\u00edmetro de pulso para mediciones r\u00e1pidas.<\/p>\n","protected":false},"featured_media":1676,"comment_status":"open","ping_status":"closed","template":"","meta":{"site-sidebar-layout":"default","site-content-layout":"default","ast-site-content-layout":"default","site-content-style":"default","site-sidebar-style":"default","ast-global-header-display":"","ast-banner-title-visibility":"","ast-main-header-display":"","ast-hfb-above-header-display":"","ast-hfb-below-header-display":"","ast-hfb-mobile-header-display":"","site-post-title":"","ast-breadcrumbs-content":"","ast-featured-img":"","footer-sml-layout":"","ast-disable-related-posts":"","theme-transparent-header-meta":"disabled","adv-header-id-meta":"","stick-header-meta":"default","header-above-stick-meta":null,"header-main-stick-meta":"","header-below-stick-meta":null,"astra-migrate-meta-layouts":"default","ast-page-background-enabled":"default","ast-page-background-meta":{"desktop":{"background-color":"","background-image":"","background-repeat":"repeat","background-position":"center center","background-size":"auto","background-attachment":"scroll","background-type":"","background-media":"","overlay-type":"","overlay-color":"","overlay-opacity":"","overlay-gradient":""},"tablet":{"background-color":"","background-image":"","background-repeat":"repeat","background-position":"center center","background-size":"auto","background-attachment":"scroll","background-type":"","background-media":"","overlay-type":"","overlay-color":"","overlay-opacity":"","overlay-gradient":""},"mobile":{"background-color":"","background-image":"","background-repeat":"repeat","background-position":"center center","background-size":"auto","background-attachment":"scroll","background-type":"","background-media":"","overlay-type":"","overlay-color":"","overlay-opacity":"","overlay-gradient":""}},"ast-content-background-meta":{"desktop":{"background-color":"var(--ast-global-color-5)","background-image":"","background-repeat":"repeat","background-position":"center center","background-size":"auto","background-attachment":"scroll","background-type":"","background-media":"","overlay-type":"","overlay-color":"","overlay-opacity":"","overlay-gradient":""},"tablet":{"background-color":"var(--ast-global-color-5)","background-image":"","background-repeat":"repeat","background-position":"center center","background-size":"auto","background-attachment":"scroll","background-type":"","background-media":"","overlay-type":"","overlay-color":"","overlay-opacity":"","overlay-gradient":""},"mobile":{"background-color":"var(--ast-global-color-5)","background-image":"","background-repeat":"repeat","background-position":"center center","background-size":"auto","background-attachment":"scroll","background-type":"","background-media":"","overlay-type":"","overlay-color":"","overlay-opacity":"","overlay-gradient":""}},"_joinchat":[]},"product_brand":[],"product_cat":[21],"product_tag":[],"class_list":{"0":"post-1824","1":"product","2":"type-product","3":"status-publish","4":"has-post-thumbnail","6":"product_cat-suministros","7":"desktop-align-left","8":"tablet-align-left","9":"mobile-align-left","11":"first","12":"instock","13":"shipping-taxable","14":"purchasable","15":"product-type-simple"},"_links":{"self":[{"href":"https:\/\/housepital.com.mx\/tienda\/wp-json\/wp\/v2\/product\/1824","targetHints":{"allow":["GET"]}}],"collection":[{"href":"https:\/\/housepital.com.mx\/tienda\/wp-json\/wp\/v2\/product"}],"about":[{"href":"https:\/\/housepital.com.mx\/tienda\/wp-json\/wp\/v2\/types\/product"}],"replies":[{"embeddable":true,"href":"https:\/\/housepital.com.mx\/tienda\/wp-json\/wp\/v2\/comments?post=1824"}],"version-history":[{"count":1,"href":"https:\/\/housepital.com.mx\/tienda\/wp-json\/wp\/v2\/product\/1824\/revisions"}],"predecessor-version":[{"id":1825,"href":"https:\/\/housepital.com.mx\/tienda\/wp-json\/wp\/v2\/product\/1824\/revisions\/1825"}],"wp:featuredmedia":[{"embeddable":true,"href":"https:\/\/housepital.com.mx\/tienda\/wp-json\/wp\/v2\/media\/1676"}],"wp:attachment":[{"href":"https:\/\/housepital.com.mx\/tienda\/wp-json\/wp\/v2\/media?parent=1824"}],"wp:term":[{"taxonomy":"product_brand","embeddable":true,"href":"https:\/\/housepital.com.mx\/tienda\/wp-json\/wp\/v2\/product_brand?post=1824"},{"taxonomy":"product_cat","embeddable":true,"href":"https:\/\/housepital.com.mx\/tienda\/wp-json\/wp\/v2\/product_cat?post=1824"},{"taxonomy":"product_tag","embeddable":true,"href":"https:\/\/housepital.com.mx\/tienda\/wp-json\/wp\/v2\/product_tag?post=1824"}],"curies":[{"name":"wp","href":"https:\/\/api.w.org\/{rel}","templated":true}]}}