{"id":3,"date":"2020-09-28T15:53:01","date_gmt":"2020-09-28T20:53:01","guid":{"rendered":"https:\/\/housepital.com.mx\/tienda\/?page_id=3"},"modified":"2020-10-02T16:01:01","modified_gmt":"2020-10-02T21:01:01","slug":"privacidad","status":"publish","type":"page","link":"https:\/\/housepital.com.mx\/tienda\/privacidad\/","title":{"rendered":"Aviso de privacidad"},"content":{"rendered":"\n<p><strong><span style=\"color:#ff9429\" class=\"has-inline-color\">HOUSEPITAL SA DE CV (en adelante \u201cHOUSEPITAL\u201d)<\/span><\/strong>\u00a0<span style=\"color:#042c68\" class=\"has-inline-color\">en cumplimiento a lo dispuesto por la Ley Federal de Protecci\u00f3n de Datos Personales en Posesi\u00f3n de los Particulares (en adelante la \u201cLey\u201d) hace de su conocimiento el presente aviso de privacidad (en adelante \u201cEl Aviso\u201d).<br><br>En virtud de la relaci\u00f3n que\u00a0HOUSEPITAL\u00a0mantiene con sus clientes, proveedores, asesores, empleados y terceras personas en general (en adelante los \u201cUsuarios\u201d), y para el caso que\u00a0HOUSEPITAL\u00a0reciba, maneje y conserve datos personales de los Usuarios, el presente Aviso establece los t\u00e9rminos y condiciones que prevalecer\u00e1n en el manejo, uso y protecci\u00f3n de los datos personales, mismos que permitir\u00e1n garantizar la privacidad de los mismos, as\u00ed como el derecho de autodeterminaci\u00f3n informativa que le corresponde a cada uno de los Usuarios.<\/span><br><br><strong><span style=\"color:#ff9429\" class=\"has-inline-color\">Objeto de Protecci\u00f3n<\/span><\/strong><br><span style=\"color:#042c68\" class=\"has-inline-color\">HOUSEPITAL\u00a0tiene como actividad principal la implementaci\u00f3n y desarrollo de actividades promocionales y mercadotecnia, para sus clientes, dentro del territorio de la Rep\u00fablica Mexicana mediante la realizaci\u00f3n de diversas mec\u00e1nicas por distintos medios de comunicaci\u00f3n, por lo cual puede tener acceso y recabar datos personales, por tanto\u00a0HOUSEPITAL\u00a0garantiza un manejo y uso acorde con las disposiciones legales, garantizando la privacidad de los datos personales, as\u00ed como el derecho de la autodeterminaci\u00f3n informativa de los Usuarios.<\/span><br><br><span style=\"color:#ff9429\" class=\"has-inline-color\"><strong>Datos Personales<\/strong><br><\/span><span style=\"color:#042c68\" class=\"has-inline-color\">Para efectos de este Aviso, se entiende como datos personales lo dispuesto en el art\u00edculo 3, fracci\u00f3n V de la Ley.<\/span><br><br><strong><span style=\"color:#ff9429\" class=\"has-inline-color\">Protecci\u00f3n de los Datos Personales<\/span><\/strong><br><span style=\"color:#042c68\" class=\"has-inline-color\">De conformidad con la Ley,\u00a0HOUSEPITAL\u00a0es responsable de la informaci\u00f3n (datos personales) que le sean proporcionados.<\/span><br><br><span style=\"color:#ff9429\" class=\"has-inline-color\"><strong>Aceptaci\u00f3n del Usuario<\/strong><br><\/span><span style=\"color:#042c68\" class=\"has-inline-color\">El Usuario al completar y enviar sus datos personales a\u00a0HOUSEPITAL, a trav\u00e9s de cualquier medio, est\u00e1 confirmando su consentimiento, acuerdo y conformidad con los t\u00e9rminos y condiciones del presente Aviso. Si el Usuario no est\u00e1 de acuerdo en cualquiera de los t\u00e9rminos y condiciones del presente Aviso, se le requiere a que no proporcione dato personal alguno.<\/span><br><br><strong><span style=\"color:#ff9429\" class=\"has-inline-color\">Destino de los Datos<\/span><\/strong><br><span style=\"color:#042c68\" class=\"has-inline-color\">HOUSEPITAL\u00a0para el cumplimiento de sus objetivos y actividades podr\u00e1 utilizar los datos personales en lo siguiente:<br><br>A. Enviar informaci\u00f3n relacionada con las actividades promocionales que implemente\u00a0HOUSEPITAL\u00a0para s\u00ed o para sus clientes.<br>B. Enviar direcciones de p\u00e1ginas de Internet relacionadas con las actividades promocionales que implemente\u00a0HOUSEPITAL\u00a0o sitios relacionados que puedan ser de inter\u00e9s para los usuarios.<br>C. Enviar boletines informativos relativos a las promociones que organicen\u00a0HOUSEPITAL\u00a0y\/o sus Clientes.<br><\/span><br><strong><span style=\"color:#ff9429\" class=\"has-inline-color\">Responsabilidad de HOUSEPITAL<\/span><\/strong><br><span style=\"color:#042c68\" class=\"has-inline-color\">1.\u00a0HOUSEPITAL\u00a0se obliga a cumplir con lo dispuesto por la Ley.<br>2. Para la protecci\u00f3n de los datos personales,\u00a0HOUSEPITAL\u00a0ha establecido y mantendr\u00e1 medidas de seguridad necesarias para mantener la privacidad de los datos.<br>3. Permitir a los Usuarios a ejercer los derechos de acceso, rectificaci\u00f3n, cancelaci\u00f3n u oposici\u00f3n sobre los datos personales.<\/span><br><br><strong><span style=\"color:#ff9429\" class=\"has-inline-color\">\u00c1rea Responsable de Datos Personales<\/span><\/strong><br><span style=\"color:#042c68\" class=\"has-inline-color\">La direcci\u00f3n de mercadotecnia digital de\u00a0HOUSEPITAL\u00a0es el \u00e1rea responsable de los datos personales con domicilio en Angelina 18 Colonia San \u00c1ngel, Delegaci\u00f3n \u00c1lvaro Obreg\u00f3n, C.P. 01000 en Ciudad de M\u00e9xico y correo electr\u00f3nico info@housepital.com.mx<\/span><br><br><strong><span style=\"color:#ff9429\" class=\"has-inline-color\">Medios para ejercer los derechos por parte de los Usuarios<\/span><\/strong><br><span style=\"color:#042c68\" class=\"has-inline-color\">Los Usuarios para el ejercicio de los derechos de acceso, rectificaci\u00f3n, cancelaci\u00f3n u oposici\u00f3n deber\u00e1n presentar solicitud al \u00e1rea responsable de datos personales de\u00a0HOUSEPITAL.\u00a0Dicha solicitud deber\u00e1 contener lo siguiente:<br>a) Nombre completo del Usuario.<br>b) Identificaci\u00f3n del Usuario.<br>c) Domicilio del Usuario.<br>d) Correo electr\u00f3nico del Usuario.<br>e) Descripci\u00f3n de los datos personales para los cuales presenta solicitud.<br><br>HOUSEPITAL\u00a0responder\u00e1 toda solicitud en un plazo m\u00e1ximo de 20 (veinte) d\u00edas h\u00e1biles contados a partir de la fecha de presentaci\u00f3n de la solicitud.<\/span><\/p>\n","protected":false},"excerpt":{"rendered":"<p>HOUSEPITAL SA DE CV (en adelante \u201cHOUSEPITAL\u201d)\u00a0en cumplimiento a lo dispuesto por la Ley Federal de Protecci\u00f3n de Datos Personales en Posesi\u00f3n de los Particulares (en adelante la \u201cLey\u201d) hace de su conocimiento el presente aviso de privacidad (en adelante \u201cEl Aviso\u201d). En virtud de la relaci\u00f3n que\u00a0HOUSEPITAL\u00a0mantiene con sus clientes, proveedores, asesores, empleados y [&hellip;]<\/p>\n","protected":false},"author":1,"featured_media":0,"parent":0,"menu_order":0,"comment_status":"closed","ping_status":"closed","template":"","meta":{"site-sidebar-layout":"default","site-content-layout":"default","ast-site-content-layout":"default","site-content-style":"default","site-sidebar-style":"default","ast-global-header-display":"","ast-banner-title-visibility":"","ast-main-header-display":"","ast-hfb-above-header-display":"","ast-hfb-below-header-display":"","ast-hfb-mobile-header-display":"","site-post-title":"","ast-breadcrumbs-content":"","ast-featured-img":"","footer-sml-layout":"","ast-disable-related-posts":"","theme-transparent-header-meta":"default","adv-header-id-meta":"","stick-header-meta":"default","header-above-stick-meta":"","header-main-stick-meta":"","header-below-stick-meta":"","astra-migrate-meta-layouts":"default","ast-page-background-enabled":"default","ast-page-background-meta":{"desktop":{"background-color":"","background-image":"","background-repeat":"repeat","background-position":"center center","background-size":"auto","background-attachment":"scroll","background-type":"","background-media":"","overlay-type":"","overlay-color":"","overlay-opacity":"","overlay-gradient":""},"tablet":{"background-color":"","background-image":"","background-repeat":"repeat","background-position":"center center","background-size":"auto","background-attachment":"scroll","background-type":"","background-media":"","overlay-type":"","overlay-color":"","overlay-opacity":"","overlay-gradient":""},"mobile":{"background-color":"","background-image":"","background-repeat":"repeat","background-position":"center center","background-size":"auto","background-attachment":"scroll","background-type":"","background-media":"","overlay-type":"","overlay-color":"","overlay-opacity":"","overlay-gradient":""}},"ast-content-background-meta":{"desktop":{"background-color":"var(--ast-global-color-5)","background-image":"","background-repeat":"repeat","background-position":"center center","background-size":"auto","background-attachment":"scroll","background-type":"","background-media":"","overlay-type":"","overlay-color":"","overlay-opacity":"","overlay-gradient":""},"tablet":{"background-color":"var(--ast-global-color-5)","background-image":"","background-repeat":"repeat","background-position":"center center","background-size":"auto","background-attachment":"scroll","background-type":"","background-media":"","overlay-type":"","overlay-color":"","overlay-opacity":"","overlay-gradient":""},"mobile":{"background-color":"var(--ast-global-color-5)","background-image":"","background-repeat":"repeat","background-position":"center center","background-size":"auto","background-attachment":"scroll","background-type":"","background-media":"","overlay-type":"","overlay-color":"","overlay-opacity":"","overlay-gradient":""}},"_joinchat":[],"footnotes":""},"class_list":["post-3","page","type-page","status-publish","hentry"],"_links":{"self":[{"href":"https:\/\/housepital.com.mx\/tienda\/wp-json\/wp\/v2\/pages\/3","targetHints":{"allow":["GET"]}}],"collection":[{"href":"https:\/\/housepital.com.mx\/tienda\/wp-json\/wp\/v2\/pages"}],"about":[{"href":"https:\/\/housepital.com.mx\/tienda\/wp-json\/wp\/v2\/types\/page"}],"author":[{"embeddable":true,"href":"https:\/\/housepital.com.mx\/tienda\/wp-json\/wp\/v2\/users\/1"}],"replies":[{"embeddable":true,"href":"https:\/\/housepital.com.mx\/tienda\/wp-json\/wp\/v2\/comments?post=3"}],"version-history":[{"count":5,"href":"https:\/\/housepital.com.mx\/tienda\/wp-json\/wp\/v2\/pages\/3\/revisions"}],"predecessor-version":[{"id":1342,"href":"https:\/\/housepital.com.mx\/tienda\/wp-json\/wp\/v2\/pages\/3\/revisions\/1342"}],"wp:attachment":[{"href":"https:\/\/housepital.com.mx\/tienda\/wp-json\/wp\/v2\/media?parent=3"}],"curies":[{"name":"wp","href":"https:\/\/api.w.org\/{rel}","templated":true}]}}